{"id":3867,"date":"2025-08-05T12:34:23","date_gmt":"2025-08-05T12:34:23","guid":{"rendered":"https:\/\/moterra.ai\/pramones-sakos"},"modified":"2026-02-02T14:10:47","modified_gmt":"2026-02-02T14:10:47","slug":"pramones-sakos","status":"publish","type":"page","link":"https:\/\/moterra.ai\/lt\/pramones-sakos","title":{"rendered":"Industrijos"},"content":{"rendered":"","protected":false},"excerpt":{"rendered":"","protected":false},"author":2,"featured_media":0,"parent":0,"menu_order":0,"comment_status":"closed","ping_status":"closed","template":"","meta":{"footnotes":""},"class_list":["post-3867","page","type-page","status-publish","hentry"],"yoast_head":"<!-- This site is optimized with the Yoast SEO plugin v26.8 - https:\/\/yoast.com\/product\/yoast-seo-wordpress\/ -->\n<title>Industrijos | Moterra<\/title>\n<meta name=\"robots\" content=\"index, follow, max-snippet:-1, max-image-preview:large, max-video-preview:-1\" \/>\n<link rel=\"canonical\" href=\"https:\/\/moterra.ai\/lt\/pramones-sakos\" \/>\n<script type=\"application\/ld+json\" class=\"yoast-schema-graph\">{\"@context\":\"https:\/\/schema.org\",\"@graph\":[{\"@type\":\"WebPage\",\"@id\":\"https:\/\/moterra.ai\/lt\/pramones-sakos\",\"url\":\"https:\/\/moterra.ai\/lt\/pramones-sakos\",\"name\":\"Industrijos | Moterra\",\"isPartOf\":{\"@id\":\"https:\/\/moterra.ai\/lt#website\"},\"datePublished\":\"2025-08-05T12:34:23+00:00\",\"dateModified\":\"2026-02-02T14:10:47+00:00\",\"breadcrumb\":{\"@id\":\"https:\/\/moterra.ai\/lt\/pramones-sakos#breadcrumb\"},\"inLanguage\":\"lt-LT\",\"potentialAction\":[{\"@type\":\"ReadAction\",\"target\":[\"https:\/\/moterra.ai\/lt\/pramones-sakos\"]}]},{\"@type\":\"BreadcrumbList\",\"@id\":\"https:\/\/moterra.ai\/lt\/pramones-sakos#breadcrumb\",\"itemListElement\":[{\"@type\":\"ListItem\",\"position\":1,\"name\":\"Pagrindinis\",\"item\":\"https:\/\/moterra.ai\/lt\"},{\"@type\":\"ListItem\",\"position\":2,\"name\":\"Industrijos\"}]},{\"@type\":\"WebSite\",\"@id\":\"https:\/\/moterra.ai\/lt#website\",\"url\":\"https:\/\/moterra.ai\/lt\",\"name\":\"Moterra\",\"description\":\"J\u016bs\u0173 AI prana\u0161umas\",\"publisher\":{\"@id\":\"https:\/\/moterra.ai\/lt#organization\"},\"potentialAction\":[{\"@type\":\"SearchAction\",\"target\":{\"@type\":\"EntryPoint\",\"urlTemplate\":\"https:\/\/moterra.ai\/lt?s={search_term_string}\"},\"query-input\":{\"@type\":\"PropertyValueSpecification\",\"valueRequired\":true,\"valueName\":\"search_term_string\"}}],\"inLanguage\":\"lt-LT\"},{\"@type\":\"Organization\",\"@id\":\"https:\/\/moterra.ai\/lt#organization\",\"name\":\"Moterra\",\"url\":\"https:\/\/moterra.ai\/lt\",\"logo\":{\"@type\":\"ImageObject\",\"inLanguage\":\"lt-LT\",\"@id\":\"https:\/\/moterra.ai\/lt#\/schema\/logo\/image\/\",\"url\":\"https:\/\/moterra.ai\/wp-content\/uploads\/2025\/07\/Moterra-logo-transparent-with-new-slogan_.svg\",\"contentUrl\":\"https:\/\/moterra.ai\/wp-content\/uploads\/2025\/07\/Moterra-logo-transparent-with-new-slogan_.svg\",\"width\":1458,\"height\":396,\"caption\":\"Moterra\"},\"image\":{\"@id\":\"https:\/\/moterra.ai\/lt#\/schema\/logo\/image\/\"},\"sameAs\":[\"https:\/\/www.linkedin.com\/company\/moterra-ai\",\"https:\/\/www.reddit.com\/r\/moterra\/\"]}]}<\/script>\n<!-- \/ Yoast SEO plugin. -->","yoast_head_json":{"title":"Industrijos | Moterra","robots":{"index":"index","follow":"follow","max-snippet":"max-snippet:-1","max-image-preview":"max-image-preview:large","max-video-preview":"max-video-preview:-1"},"canonical":"https:\/\/moterra.ai\/lt\/pramones-sakos","schema":{"@context":"https:\/\/schema.org","@graph":[{"@type":"WebPage","@id":"https:\/\/moterra.ai\/lt\/pramones-sakos","url":"https:\/\/moterra.ai\/lt\/pramones-sakos","name":"Industrijos | Moterra","isPartOf":{"@id":"https:\/\/moterra.ai\/lt#website"},"datePublished":"2025-08-05T12:34:23+00:00","dateModified":"2026-02-02T14:10:47+00:00","breadcrumb":{"@id":"https:\/\/moterra.ai\/lt\/pramones-sakos#breadcrumb"},"inLanguage":"lt-LT","potentialAction":[{"@type":"ReadAction","target":["https:\/\/moterra.ai\/lt\/pramones-sakos"]}]},{"@type":"BreadcrumbList","@id":"https:\/\/moterra.ai\/lt\/pramones-sakos#breadcrumb","itemListElement":[{"@type":"ListItem","position":1,"name":"Pagrindinis","item":"https:\/\/moterra.ai\/lt"},{"@type":"ListItem","position":2,"name":"Industrijos"}]},{"@type":"WebSite","@id":"https:\/\/moterra.ai\/lt#website","url":"https:\/\/moterra.ai\/lt","name":"Moterra","description":"J\u016bs\u0173 AI prana\u0161umas","publisher":{"@id":"https:\/\/moterra.ai\/lt#organization"},"potentialAction":[{"@type":"SearchAction","target":{"@type":"EntryPoint","urlTemplate":"https:\/\/moterra.ai\/lt?s={search_term_string}"},"query-input":{"@type":"PropertyValueSpecification","valueRequired":true,"valueName":"search_term_string"}}],"inLanguage":"lt-LT"},{"@type":"Organization","@id":"https:\/\/moterra.ai\/lt#organization","name":"Moterra","url":"https:\/\/moterra.ai\/lt","logo":{"@type":"ImageObject","inLanguage":"lt-LT","@id":"https:\/\/moterra.ai\/lt#\/schema\/logo\/image\/","url":"https:\/\/moterra.ai\/wp-content\/uploads\/2025\/07\/Moterra-logo-transparent-with-new-slogan_.svg","contentUrl":"https:\/\/moterra.ai\/wp-content\/uploads\/2025\/07\/Moterra-logo-transparent-with-new-slogan_.svg","width":1458,"height":396,"caption":"Moterra"},"image":{"@id":"https:\/\/moterra.ai\/lt#\/schema\/logo\/image\/"},"sameAs":["https:\/\/www.linkedin.com\/company\/moterra-ai","https:\/\/www.reddit.com\/r\/moterra\/"]}]}},"_links":{"self":[{"href":"https:\/\/moterra.ai\/lt\/wp-json\/wp\/v2\/pages\/3867","targetHints":{"allow":["GET"]}}],"collection":[{"href":"https:\/\/moterra.ai\/lt\/wp-json\/wp\/v2\/pages"}],"about":[{"href":"https:\/\/moterra.ai\/lt\/wp-json\/wp\/v2\/types\/page"}],"author":[{"embeddable":true,"href":"https:\/\/moterra.ai\/lt\/wp-json\/wp\/v2\/users\/2"}],"replies":[{"embeddable":true,"href":"https:\/\/moterra.ai\/lt\/wp-json\/wp\/v2\/comments?post=3867"}],"version-history":[{"count":1,"href":"https:\/\/moterra.ai\/lt\/wp-json\/wp\/v2\/pages\/3867\/revisions"}],"predecessor-version":[{"id":4596,"href":"https:\/\/moterra.ai\/lt\/wp-json\/wp\/v2\/pages\/3867\/revisions\/4596"}],"wp:attachment":[{"href":"https:\/\/moterra.ai\/lt\/wp-json\/wp\/v2\/media?parent=3867"}],"curies":[{"name":"wp","href":"https:\/\/api.w.org\/{rel}","templated":true}]}}