{"id":3987,"date":"2025-07-01T10:15:32","date_gmt":"2025-07-01T10:15:32","guid":{"rendered":"https:\/\/moterra.ai\/privatumo-politika"},"modified":"2026-01-07T10:45:49","modified_gmt":"2026-01-07T10:45:49","slug":"privatumo-politika","status":"publish","type":"page","link":"https:\/\/moterra.ai\/lt\/privatumo-politika","title":{"rendered":"Privatumo politika"},"content":{"rendered":"\t\t<div data-elementor-type=\"wp-page\" data-elementor-id=\"3987\" class=\"elementor elementor-3987 elementor-3\" data-elementor-post-type=\"page\">\n\t\t\t\t<div class=\"elementor-element elementor-element-611cf4f5 e-flex e-con-boxed e-con e-parent\" data-id=\"611cf4f5\" data-element_type=\"container\" data-e-type=\"container\" id=\"next\">\n\t\t\t\t\t<div class=\"e-con-inner\">\n\t\t\t\t<div class=\"elementor-element elementor-element-3fec34a3 elementor-widget elementor-widget-heading\" data-id=\"3fec34a3\" data-element_type=\"widget\" data-e-type=\"widget\" data-widget_type=\"heading.default\">\n\t\t\t\t\t<h1 class=\"elementor-heading-title elementor-size-default\">Privatumo politika<\/h1>\t\t\t\t<\/div>\n\t\t\t\t<div class=\"elementor-element elementor-element-57d724cc elementor-widget elementor-widget-heading\" data-id=\"57d724cc\" data-element_type=\"widget\" data-e-type=\"widget\" data-widget_type=\"heading.default\">\n\t\t\t\t\t<p class=\"elementor-heading-title elementor-size-default\">Moterra (\u201emes\u201c, \u201em\u016bs\u0173\u201c, \u201emus\u201c) \u012fsipareigoja saugoti j\u016bs\u0173 privatum\u0105 ir u\u017etikrinti j\u016bs\u0173 asmenin\u0117s informacijos saugum\u0105. \u0160i privatumo politika paai\u0161kina, kaip mes renkame, naudojame ir saugome duomenis, kai lankot\u0117s m\u016bs\u0173 svetain\u0117je arba naudojat\u0117s m\u016bs\u0173 paslaugomis. <\/p>\t\t\t\t<\/div>\n\t\t\t\t<div class=\"elementor-element elementor-element-3b306b2 elementor-widget elementor-widget-heading\" data-id=\"3b306b2\" data-element_type=\"widget\" data-e-type=\"widget\" data-widget_type=\"heading.default\">\n\t\t\t\t\t<p class=\"elementor-heading-title elementor-size-default\">Paskutin\u012f kart\u0105 atnaujinta: 2025-09-01<\/p>\t\t\t\t<\/div>\n\t\t<div class=\"elementor-element elementor-element-37b66186 e-con-full e-flex e-con e-child\" data-id=\"37b66186\" data-element_type=\"container\" data-e-type=\"container\">\n\t\t\t\t<div class=\"elementor-element elementor-element-72330af elementor-widget elementor-widget-heading\" data-id=\"72330af\" data-element_type=\"widget\" data-e-type=\"widget\" data-widget_type=\"heading.default\">\n\t\t\t\t\t<h2 class=\"elementor-heading-title elementor-size-default\">1. Informacija, kuri\u0105 renkame<\/h2>\t\t\t\t<\/div>\n\t\t\t\t<div class=\"elementor-element elementor-element-3ed9344 elementor-widget elementor-widget-text-editor\" data-id=\"3ed9344\" data-element_type=\"widget\" data-e-type=\"widget\" data-widget_type=\"text-editor.default\">\n\t\t\t\t\t\t\t\t\t<p data-start=\"576\" data-end=\"628\">Mes galime rinkti \u0161iuos informacijos tipus:<\/p>\n<ul data-start=\"629\" data-end=\"1058\">\n<li data-start=\"629\" data-end=\"762\">\n<p data-start=\"631\" data-end=\"762\"><strong data-start=\"631\" data-end=\"655\">Asmenin\u0117 informacija<\/strong>: Vardas, el. pa\u0161to adresas, telefono numeris ir \u012fmon\u0117s duomenys, kai susisiekiate su mumis, u\u017esiregistruojate arba pra\u0161ote demonstracin\u0117s versijos.<\/p>\n<\/li>\n<li data-start=\"763\" data-end=\"908\">\n<p data-start=\"765\" data-end=\"908\"><strong data-start=\"765\" data-end=\"779\">Naudojimo duomenys<\/strong>: Informacija apie tai, kaip s\u0105veikaujate su m\u016bs\u0173 svetaine, pvz., aplankyti puslapiai, nar\u0161ykl\u0117s tipas, IP adresas ir \u012frenginio informacija.<\/p>\n<\/li>\n<li data-start=\"909\" data-end=\"1058\">\n<p data-start=\"911\" data-end=\"1058\"><strong data-start=\"911\" data-end=\"935\">Slapukai ir sekimas<\/strong>: Mes naudojame slapukus ir pana\u0161ias technologijas, kad pagerintume svetain\u0117s veikim\u0105, suprastume naudojim\u0105 ir suasmenintume j\u016bs\u0173 patirt\u012f.<\/p>\n<\/li>\n<\/ul>\t\t\t\t\t\t\t\t<\/div>\n\t\t\t\t<div class=\"elementor-element elementor-element-368cdcd elementor-widget elementor-widget-heading\" data-id=\"368cdcd\" data-element_type=\"widget\" data-e-type=\"widget\" data-widget_type=\"heading.default\">\n\t\t\t\t\t<h2 class=\"elementor-heading-title elementor-size-default\">2. Kaip naudojame j\u016bs\u0173 informacij\u0105<\/h2>\t\t\t\t<\/div>\n\t\t\t\t<div class=\"elementor-element elementor-element-3402f69 elementor-widget elementor-widget-text-editor\" data-id=\"3402f69\" data-element_type=\"widget\" data-e-type=\"widget\" data-widget_type=\"text-editor.default\">\n\t\t\t\t\t\t\t\t\t<p data-start=\"1101\" data-end=\"1140\">Mes naudojame surinkt\u0105 informacij\u0105, kad:<\/p>\n<ul data-start=\"1141\" data-end=\"1365\">\n<li data-start=\"1141\" data-end=\"1188\">\n<p data-start=\"1143\" data-end=\"1188\">Teiktume, palaikytume ir tobulintume savo paslaugas<\/p>\n<\/li>\n<li data-start=\"1189\" data-end=\"1226\">\n<p data-start=\"1191\" data-end=\"1226\">Atsakytume \u012f u\u017eklausas ir pra\u0161ymus<\/p>\n<\/li>\n<li data-start=\"1227\" data-end=\"1319\">\n<p data-start=\"1229\" data-end=\"1319\">Si\u0173stume svarbius atnaujinimus, produkt\u0173 naujienas ar rinkodaros prane\u0161imus (su galimybe atsisakyti)<\/p>\n<\/li>\n<li data-start=\"1320\" data-end=\"1365\">\n<p data-start=\"1322\" data-end=\"1365\">U\u017etikrintume svetain\u0117s saugum\u0105 ir u\u017ekirstume keli\u0105 suk\u010diavimui<\/p>\n<\/li>\n<\/ul>\t\t\t\t\t\t\t\t<\/div>\n\t\t\t\t<div class=\"elementor-element elementor-element-7ca6808 elementor-widget elementor-widget-heading\" data-id=\"7ca6808\" data-element_type=\"widget\" data-e-type=\"widget\" data-widget_type=\"heading.default\">\n\t\t\t\t\t<h2 class=\"elementor-heading-title elementor-size-default\">3. Duomen\u0173 saugumas<\/h2>\t\t\t\t<\/div>\n\t\t\t\t<div class=\"elementor-element elementor-element-cf135ac elementor-widget elementor-widget-text-editor\" data-id=\"cf135ac\" data-element_type=\"widget\" data-e-type=\"widget\" data-widget_type=\"text-editor.default\">\n\t\t\t\t\t\t\t\t\t<p data-start=\"1394\" data-end=\"1431\">J\u016bs\u0173 duomen\u0173 saugumas yra m\u016bs\u0173 prioritetas.<\/p>\n<ul data-start=\"1432\" data-end=\"1795\">\n<li data-start=\"1432\" data-end=\"1519\">\n<p data-start=\"1434\" data-end=\"1519\">Visa informacija saugoma <strong data-start=\"1463\" data-end=\"1491\">AWS debes\u0173 infrastrukt\u016broje<\/strong> arba saugiuose priva\u010diuose debesyse.<\/p>\n<\/li>\n<li data-start=\"1659\" data-end=\"1795\">\n<p data-start=\"1661\" data-end=\"1795\">Mes reguliariai per\u017ei\u016brime savo saugumo praktik\u0105, kad atitiktume \u012fmoni\u0173 atitikties standartus (\u012fskaitant <strong data-start=\"1755\" data-end=\"1768\">ISO 27001<\/strong> ir <strong data-start=\"1773\" data-end=\"1781\">BDAR<\/strong> pasirengim\u0105).<\/p>\n<\/li>\n<\/ul>\t\t\t\t\t\t\t\t<\/div>\n\t\t\t\t<div class=\"elementor-element elementor-element-7a638de elementor-widget elementor-widget-heading\" data-id=\"7a638de\" data-element_type=\"widget\" data-e-type=\"widget\" data-widget_type=\"heading.default\">\n\t\t\t\t\t<h2 class=\"elementor-heading-title elementor-size-default\">4. Duomen\u0173 dalijimasis<\/h2>\t\t\t\t<\/div>\n\t\t\t\t<div class=\"elementor-element elementor-element-7b8d7b5 elementor-widget elementor-widget-text-editor\" data-id=\"7b8d7b5\" data-element_type=\"widget\" data-e-type=\"widget\" data-widget_type=\"text-editor.default\">\n\t\t\t\t\t\t\t\t\t<p data-start=\"1823\" data-end=\"1898\">Mes neparduodame j\u016bs\u0173 asmenin\u0117s informacijos. Mes galime dalytis ribotais duomenimis su: <\/p>\n<ul data-start=\"1899\" data-end=\"2081\">\n<li data-start=\"1899\" data-end=\"2008\">\n<p data-start=\"1901\" data-end=\"2008\">Patikimais tre\u010di\u0173j\u0173 \u0161ali\u0173 tiek\u0117jais, kurie padeda mums vykdyti m\u016bs\u0173 paslaugas (pvz., priegloba, analiz\u0117, el. pa\u0161to sistemos)<\/p>\n<\/li>\n<li data-start=\"2009\" data-end=\"2081\">\n<p data-start=\"2011\" data-end=\"2081\">Institucijomis, jei to reikalauja \u012fstatymai arba siekiant apsaugoti m\u016bs\u0173 teises ir saugum\u0105<\/p>\n<\/li>\n<\/ul>\n<p data-start=\"2083\" data-end=\"2163\">Visi tre\u010di\u0173j\u0173 \u0161ali\u0173 tiek\u0117jai yra sutartinai \u012fpareigoti saugoti j\u016bs\u0173 informacij\u0105.<\/p>\t\t\t\t\t\t\t\t<\/div>\n\t\t\t\t<div class=\"elementor-element elementor-element-8b930e1 elementor-widget elementor-widget-heading\" data-id=\"8b930e1\" data-element_type=\"widget\" data-e-type=\"widget\" data-widget_type=\"heading.default\">\n\t\t\t\t\t<h2 class=\"elementor-heading-title elementor-size-default\">5. J\u016bs\u0173 teis\u0117s<\/h2>\t\t\t\t<\/div>\n\t\t\t\t<div class=\"elementor-element elementor-element-629d481 elementor-widget elementor-widget-text-editor\" data-id=\"629d481\" data-element_type=\"widget\" data-e-type=\"widget\" data-widget_type=\"text-editor.default\">\n\t\t\t\t\t\t\t\t\t<p data-start=\"2190\" data-end=\"2246\">Priklausomai nuo j\u016bs\u0173 buvimo vietos, galite tur\u0117ti teis\u0119:<\/p>\n<ul data-start=\"2247\" data-end=\"2428\">\n<li data-start=\"2247\" data-end=\"2300\">\n<p data-start=\"2249\" data-end=\"2300\">Gauti prieig\u0105 prie asmenin\u0117s informacijos, kuri\u0105 turime apie jus<\/p>\n<\/li>\n<li data-start=\"2301\" data-end=\"2335\">\n<p data-start=\"2303\" data-end=\"2335\">Pra\u0161yti pataisym\u0173 ar atnaujinim\u0173<\/p>\n<\/li>\n<li data-start=\"2336\" data-end=\"2376\">\n<p data-start=\"2338\" data-end=\"2376\">Pra\u0161yti i\u0161trinti j\u016bs\u0173 informacij\u0105<\/p>\n<\/li>\n<li data-start=\"2377\" data-end=\"2428\">\n<p data-start=\"2379\" data-end=\"2428\">Bet kada atsisakyti rinkodaros prane\u0161im\u0173<\/p>\n<\/li>\n<\/ul>\n<p data-start=\"2430\" data-end=\"2520\">Nor\u0117dami pasinaudoti \u0161iomis teis\u0117mis, susisiekite su mumis adresu <span style=\"text-decoration: underline;\"><strong data-start=\"2470\" data-end=\"2517\"><a class=\"decorated-link cursor-pointer\" href=\"mailto:hello@moterra.ai\" rel=\"noopener\" data-start=\"2472\" data-end=\"2515\">hello@moterra.ai<\/a><\/strong><\/span>.<\/p>\t\t\t\t\t\t\t\t<\/div>\n\t\t\t\t<div class=\"elementor-element elementor-element-ce09d42 elementor-widget elementor-widget-heading\" data-id=\"ce09d42\" data-element_type=\"widget\" data-e-type=\"widget\" data-widget_type=\"heading.default\">\n\t\t\t\t\t<h2 class=\"elementor-heading-title elementor-size-default\">6. Duomen\u0173 saugojimas<\/h2>\t\t\t\t<\/div>\n\t\t\t\t<div class=\"elementor-element elementor-element-c83cb83 elementor-widget elementor-widget-text-editor\" data-id=\"c83cb83\" data-element_type=\"widget\" data-e-type=\"widget\" data-widget_type=\"text-editor.default\">\n\t\t\t\t\t\t\t\t\t<p data-start=\"2550\" data-end=\"2672\">Mes saugome j\u016bs\u0173 asmenin\u0119 informacij\u0105 tik tiek, kiek b\u016btina m\u016bs\u0173 paslaugoms teikti ir teisiniams \u012fsipareigojimams vykdyti.<\/p>\t\t\t\t\t\t\t\t<\/div>\n\t\t\t\t<div class=\"elementor-element elementor-element-9c3f4e6 elementor-widget elementor-widget-heading\" data-id=\"9c3f4e6\" data-element_type=\"widget\" data-e-type=\"widget\" data-widget_type=\"heading.default\">\n\t\t\t\t\t<h2 class=\"elementor-heading-title elementor-size-default\">7. Tarptautiniai duomen\u0173 perdavimai<\/h2>\t\t\t\t<\/div>\n\t\t\t\t<div class=\"elementor-element elementor-element-cd3916d elementor-widget elementor-widget-text-editor\" data-id=\"cd3916d\" data-element_type=\"widget\" data-e-type=\"widget\" data-widget_type=\"text-editor.default\">\n\t\t\t\t\t\t\t\t\t<p data-start=\"2716\" data-end=\"2885\">Jei naudojat\u0117s m\u016bs\u0173 paslaugomis ne i\u0161 JK, atkreipkite d\u0117mes\u012f, kad j\u016bs\u0173 informacija gali b\u016bti perduodama ir saugoma saugiai regionuose, kuriuose mes arba m\u016bs\u0173 paslaug\u0173 teik\u0117jai veikia.<\/p>\t\t\t\t\t\t\t\t<\/div>\n\t\t\t\t<div class=\"elementor-element elementor-element-0acbf1b elementor-widget elementor-widget-heading\" data-id=\"0acbf1b\" data-element_type=\"widget\" data-e-type=\"widget\" data-widget_type=\"heading.default\">\n\t\t\t\t\t<h2 class=\"elementor-heading-title elementor-size-default\">8. \u0160ios politikos atnaujinimai<\/h2>\t\t\t\t<\/div>\n\t\t\t\t<div class=\"elementor-element elementor-element-10d7baa elementor-widget elementor-widget-text-editor\" data-id=\"10d7baa\" data-element_type=\"widget\" data-e-type=\"widget\" data-widget_type=\"text-editor.default\">\n\t\t\t\t\t\t\t\t\t<p data-start=\"2923\" data-end=\"3041\">Mes galime atnaujinti \u0161i\u0105 privatumo politik\u0105 laikas nuo laiko. \u201ePaskutin\u012f kart\u0105 atnaujinta\u201c data visada atspind\u0117s naujausi\u0105 versij\u0105. <\/p>\t\t\t\t\t\t\t\t<\/div>\n\t\t\t\t<div class=\"elementor-element elementor-element-1513063 elementor-widget elementor-widget-heading\" data-id=\"1513063\" data-element_type=\"widget\" data-e-type=\"widget\" data-widget_type=\"heading.default\">\n\t\t\t\t\t<h2 class=\"elementor-heading-title elementor-size-default\">9. Susisiekite su mumis<\/h2>\t\t\t\t<\/div>\n\t\t\t\t<div class=\"elementor-element elementor-element-8c742b5 elementor-widget elementor-widget-text-editor\" data-id=\"8c742b5\" data-element_type=\"widget\" data-e-type=\"widget\" data-widget_type=\"text-editor.default\">\n\t\t\t\t\t\t\t\t\t<p data-start=\"3067\" data-end=\"3164\">Jei turite klausim\u0173 apie \u0161i\u0105 privatumo politik\u0105 ar kaip tvarkomi j\u016bs\u0173 duomenys, susisiekite su mumis:<\/p>\n<ul>\n<li data-start=\"3166\" data-end=\"3251\"><span style=\"text-decoration: underline;\"><a href=\"mailto:hello@moterra.ai\">hello@moterra.ai<\/a><\/span><\/li>\n<li data-start=\"3166\" data-end=\"3251\">Flat 9 Hayworth House, Todd Close, Borehamwood, Anglija, WD6 1AB<\/li>\n<\/ul>\t\t\t\t\t\t\t\t<\/div>\n\t\t\t\t<\/div>\n\t\t\t\t\t<\/div>\n\t\t\t\t<\/div>\n\t\t\t\t<\/div>\n\t\t","protected":false},"excerpt":{"rendered":"<p>Privatumo politika Moterra (\u201emes\u201c, \u201em\u016bs\u0173\u201c, \u201emus\u201c) \u012fsipareigoja saugoti j\u016bs\u0173 privatum\u0105 ir u\u017etikrinti j\u016bs\u0173 asmenin\u0117s informacijos saugum\u0105. \u0160i privatumo politika paai\u0161kina, kaip mes renkame, naudojame ir saugome duomenis, kai lankot\u0117s m\u016bs\u0173 svetain\u0117je arba naudojat\u0117s m\u016bs\u0173 paslaugomis. Paskutin\u012f kart\u0105 atnaujinta: 2025-09-01 1. Informacija, kuri\u0105 renkame Mes galime rinkti \u0161iuos informacijos tipus: Asmenin\u0117 informacija: Vardas, el. pa\u0161to adresas, [&hellip;]<\/p>\n","protected":false},"author":5,"featured_media":0,"parent":0,"menu_order":0,"comment_status":"closed","ping_status":"closed","template":"","meta":{"footnotes":""},"class_list":["post-3987","page","type-page","status-publish","hentry"],"yoast_head":"<!-- This site is optimized with the Yoast SEO plugin v26.8 - https:\/\/yoast.com\/product\/yoast-seo-wordpress\/ -->\n<title>Privatumo politika | Moterra<\/title>\n<meta name=\"robots\" content=\"index, follow, max-snippet:-1, max-image-preview:large, max-video-preview:-1\" \/>\n<link rel=\"canonical\" href=\"https:\/\/moterra.ai\/lt\/privatumo-politika\" \/>\n<script type=\"application\/ld+json\" class=\"yoast-schema-graph\">{\"@context\":\"https:\/\/schema.org\",\"@graph\":[{\"@type\":\"WebPage\",\"@id\":\"https:\/\/moterra.ai\/lt\/privatumo-politika\",\"url\":\"https:\/\/moterra.ai\/lt\/privatumo-politika\",\"name\":\"Privatumo politika | Moterra\",\"isPartOf\":{\"@id\":\"https:\/\/moterra.ai\/lt#website\"},\"datePublished\":\"2025-07-01T10:15:32+00:00\",\"dateModified\":\"2026-01-07T10:45:49+00:00\",\"breadcrumb\":{\"@id\":\"https:\/\/moterra.ai\/lt\/privatumo-politika#breadcrumb\"},\"inLanguage\":\"lt-LT\",\"potentialAction\":[{\"@type\":\"ReadAction\",\"target\":[\"https:\/\/moterra.ai\/lt\/privatumo-politika\"]}]},{\"@type\":\"BreadcrumbList\",\"@id\":\"https:\/\/moterra.ai\/lt\/privatumo-politika#breadcrumb\",\"itemListElement\":[{\"@type\":\"ListItem\",\"position\":1,\"name\":\"Pagrindinis\",\"item\":\"https:\/\/moterra.ai\/lt\"},{\"@type\":\"ListItem\",\"position\":2,\"name\":\"Privatumo politika\"}]},{\"@type\":\"WebSite\",\"@id\":\"https:\/\/moterra.ai\/lt#website\",\"url\":\"https:\/\/moterra.ai\/lt\",\"name\":\"Moterra\",\"description\":\"J\u016bs\u0173 AI prana\u0161umas\",\"publisher\":{\"@id\":\"https:\/\/moterra.ai\/lt#organization\"},\"potentialAction\":[{\"@type\":\"SearchAction\",\"target\":{\"@type\":\"EntryPoint\",\"urlTemplate\":\"https:\/\/moterra.ai\/lt?s={search_term_string}\"},\"query-input\":{\"@type\":\"PropertyValueSpecification\",\"valueRequired\":true,\"valueName\":\"search_term_string\"}}],\"inLanguage\":\"lt-LT\"},{\"@type\":\"Organization\",\"@id\":\"https:\/\/moterra.ai\/lt#organization\",\"name\":\"Moterra\",\"url\":\"https:\/\/moterra.ai\/lt\",\"logo\":{\"@type\":\"ImageObject\",\"inLanguage\":\"lt-LT\",\"@id\":\"https:\/\/moterra.ai\/lt#\/schema\/logo\/image\/\",\"url\":\"https:\/\/moterra.ai\/wp-content\/uploads\/2025\/07\/Moterra-logo-transparent-with-new-slogan_.svg\",\"contentUrl\":\"https:\/\/moterra.ai\/wp-content\/uploads\/2025\/07\/Moterra-logo-transparent-with-new-slogan_.svg\",\"width\":1458,\"height\":396,\"caption\":\"Moterra\"},\"image\":{\"@id\":\"https:\/\/moterra.ai\/lt#\/schema\/logo\/image\/\"},\"sameAs\":[\"https:\/\/www.linkedin.com\/company\/moterra-ai\",\"https:\/\/www.reddit.com\/r\/moterra\/\"]}]}<\/script>\n<!-- \/ Yoast SEO plugin. -->","yoast_head_json":{"title":"Privatumo politika | Moterra","robots":{"index":"index","follow":"follow","max-snippet":"max-snippet:-1","max-image-preview":"max-image-preview:large","max-video-preview":"max-video-preview:-1"},"canonical":"https:\/\/moterra.ai\/lt\/privatumo-politika","schema":{"@context":"https:\/\/schema.org","@graph":[{"@type":"WebPage","@id":"https:\/\/moterra.ai\/lt\/privatumo-politika","url":"https:\/\/moterra.ai\/lt\/privatumo-politika","name":"Privatumo politika | Moterra","isPartOf":{"@id":"https:\/\/moterra.ai\/lt#website"},"datePublished":"2025-07-01T10:15:32+00:00","dateModified":"2026-01-07T10:45:49+00:00","breadcrumb":{"@id":"https:\/\/moterra.ai\/lt\/privatumo-politika#breadcrumb"},"inLanguage":"lt-LT","potentialAction":[{"@type":"ReadAction","target":["https:\/\/moterra.ai\/lt\/privatumo-politika"]}]},{"@type":"BreadcrumbList","@id":"https:\/\/moterra.ai\/lt\/privatumo-politika#breadcrumb","itemListElement":[{"@type":"ListItem","position":1,"name":"Pagrindinis","item":"https:\/\/moterra.ai\/lt"},{"@type":"ListItem","position":2,"name":"Privatumo politika"}]},{"@type":"WebSite","@id":"https:\/\/moterra.ai\/lt#website","url":"https:\/\/moterra.ai\/lt","name":"Moterra","description":"J\u016bs\u0173 AI prana\u0161umas","publisher":{"@id":"https:\/\/moterra.ai\/lt#organization"},"potentialAction":[{"@type":"SearchAction","target":{"@type":"EntryPoint","urlTemplate":"https:\/\/moterra.ai\/lt?s={search_term_string}"},"query-input":{"@type":"PropertyValueSpecification","valueRequired":true,"valueName":"search_term_string"}}],"inLanguage":"lt-LT"},{"@type":"Organization","@id":"https:\/\/moterra.ai\/lt#organization","name":"Moterra","url":"https:\/\/moterra.ai\/lt","logo":{"@type":"ImageObject","inLanguage":"lt-LT","@id":"https:\/\/moterra.ai\/lt#\/schema\/logo\/image\/","url":"https:\/\/moterra.ai\/wp-content\/uploads\/2025\/07\/Moterra-logo-transparent-with-new-slogan_.svg","contentUrl":"https:\/\/moterra.ai\/wp-content\/uploads\/2025\/07\/Moterra-logo-transparent-with-new-slogan_.svg","width":1458,"height":396,"caption":"Moterra"},"image":{"@id":"https:\/\/moterra.ai\/lt#\/schema\/logo\/image\/"},"sameAs":["https:\/\/www.linkedin.com\/company\/moterra-ai","https:\/\/www.reddit.com\/r\/moterra\/"]}]}},"_links":{"self":[{"href":"https:\/\/moterra.ai\/lt\/wp-json\/wp\/v2\/pages\/3987","targetHints":{"allow":["GET"]}}],"collection":[{"href":"https:\/\/moterra.ai\/lt\/wp-json\/wp\/v2\/pages"}],"about":[{"href":"https:\/\/moterra.ai\/lt\/wp-json\/wp\/v2\/types\/page"}],"author":[{"embeddable":true,"href":"https:\/\/moterra.ai\/lt\/wp-json\/wp\/v2\/users\/5"}],"replies":[{"embeddable":true,"href":"https:\/\/moterra.ai\/lt\/wp-json\/wp\/v2\/comments?post=3987"}],"version-history":[{"count":1,"href":"https:\/\/moterra.ai\/lt\/wp-json\/wp\/v2\/pages\/3987\/revisions"}],"predecessor-version":[{"id":3988,"href":"https:\/\/moterra.ai\/lt\/wp-json\/wp\/v2\/pages\/3987\/revisions\/3988"}],"wp:attachment":[{"href":"https:\/\/moterra.ai\/lt\/wp-json\/wp\/v2\/media?parent=3987"}],"curies":[{"name":"wp","href":"https:\/\/api.w.org\/{rel}","templated":true}]}}