{"id":4030,"date":"2025-09-12T05:44:34","date_gmt":"2025-09-12T05:44:34","guid":{"rendered":"https:\/\/moterra.ai\/uzsisakykite-konsultacija\/aciu"},"modified":"2026-02-02T14:12:27","modified_gmt":"2026-02-02T14:12:27","slug":"aciu","status":"publish","type":"page","link":"https:\/\/moterra.ai\/lt\/uzsisakykite-konsultacija\/aciu","title":{"rendered":"A\u010di\u016b"},"content":{"rendered":"\t\t<div data-elementor-type=\"wp-page\" data-elementor-id=\"4030\" class=\"elementor elementor-4030 elementor-1293\" data-elementor-post-type=\"page\">\n\t\t\t\t<div class=\"elementor-element elementor-element-4e31be6 e-flex e-con-boxed e-con e-parent\" data-id=\"4e31be6\" data-element_type=\"container\" data-e-type=\"container\">\n\t\t\t\t\t<div class=\"e-con-inner\">\n\t\t\t\t<div class=\"elementor-element elementor-element-259f22f elementor-widget elementor-widget-heading\" data-id=\"259f22f\" data-element_type=\"widget\" data-e-type=\"widget\" data-widget_type=\"heading.default\">\n\t\t\t\t\t<h2 class=\"elementor-heading-title elementor-size-default\">A\u010di\u016b, netrukus susisieksime!<\/h2>\t\t\t\t<\/div>\n\t\t\t\t\t<\/div>\n\t\t\t\t<\/div>\n\t\t\t\t<\/div>\n\t\t","protected":false},"excerpt":{"rendered":"<p>A\u010di\u016b, netrukus susisieksime!<\/p>\n","protected":false},"author":2,"featured_media":0,"parent":3880,"menu_order":0,"comment_status":"closed","ping_status":"closed","template":"","meta":{"footnotes":""},"class_list":["post-4030","page","type-page","status-publish","hentry"],"yoast_head":"<!-- This site is optimized with the Yoast SEO plugin v26.8 - https:\/\/yoast.com\/product\/yoast-seo-wordpress\/ -->\n<title>A\u010di\u016b | Moterra<\/title>\n<meta name=\"robots\" content=\"index, follow, max-snippet:-1, max-image-preview:large, max-video-preview:-1\" \/>\n<link rel=\"canonical\" href=\"https:\/\/moterra.ai\/lt\/uzsisakykite-konsultacija\/aciu\" \/>\n<script type=\"application\/ld+json\" class=\"yoast-schema-graph\">{\"@context\":\"https:\/\/schema.org\",\"@graph\":[{\"@type\":\"WebPage\",\"@id\":\"https:\/\/moterra.ai\/lt\/uzsisakykite-konsultacija\/aciu\",\"url\":\"https:\/\/moterra.ai\/lt\/uzsisakykite-konsultacija\/aciu\",\"name\":\"A\u010di\u016b | Moterra\",\"isPartOf\":{\"@id\":\"https:\/\/moterra.ai\/lt#website\"},\"datePublished\":\"2025-09-12T05:44:34+00:00\",\"dateModified\":\"2026-02-02T14:12:27+00:00\",\"breadcrumb\":{\"@id\":\"https:\/\/moterra.ai\/lt\/uzsisakykite-konsultacija\/aciu#breadcrumb\"},\"inLanguage\":\"lt-LT\",\"potentialAction\":[{\"@type\":\"ReadAction\",\"target\":[\"https:\/\/moterra.ai\/lt\/uzsisakykite-konsultacija\/aciu\"]}]},{\"@type\":\"BreadcrumbList\",\"@id\":\"https:\/\/moterra.ai\/lt\/uzsisakykite-konsultacija\/aciu#breadcrumb\",\"itemListElement\":[{\"@type\":\"ListItem\",\"position\":1,\"name\":\"Pagrindinis\",\"item\":\"https:\/\/moterra.ai\/lt\"},{\"@type\":\"ListItem\",\"position\":2,\"name\":\"Susisiekime\",\"item\":\"https:\/\/moterra.ai\/lt\/uzsisakykite-konsultacija\"},{\"@type\":\"ListItem\",\"position\":3,\"name\":\"A\u010di\u016b\"}]},{\"@type\":\"WebSite\",\"@id\":\"https:\/\/moterra.ai\/lt#website\",\"url\":\"https:\/\/moterra.ai\/lt\",\"name\":\"Moterra\",\"description\":\"J\u016bs\u0173 AI prana\u0161umas\",\"publisher\":{\"@id\":\"https:\/\/moterra.ai\/lt#organization\"},\"potentialAction\":[{\"@type\":\"SearchAction\",\"target\":{\"@type\":\"EntryPoint\",\"urlTemplate\":\"https:\/\/moterra.ai\/lt?s={search_term_string}\"},\"query-input\":{\"@type\":\"PropertyValueSpecification\",\"valueRequired\":true,\"valueName\":\"search_term_string\"}}],\"inLanguage\":\"lt-LT\"},{\"@type\":\"Organization\",\"@id\":\"https:\/\/moterra.ai\/lt#organization\",\"name\":\"Moterra\",\"url\":\"https:\/\/moterra.ai\/lt\",\"logo\":{\"@type\":\"ImageObject\",\"inLanguage\":\"lt-LT\",\"@id\":\"https:\/\/moterra.ai\/lt#\/schema\/logo\/image\/\",\"url\":\"https:\/\/moterra.ai\/wp-content\/uploads\/2025\/07\/Moterra-logo-transparent-with-new-slogan_.svg\",\"contentUrl\":\"https:\/\/moterra.ai\/wp-content\/uploads\/2025\/07\/Moterra-logo-transparent-with-new-slogan_.svg\",\"width\":1458,\"height\":396,\"caption\":\"Moterra\"},\"image\":{\"@id\":\"https:\/\/moterra.ai\/lt#\/schema\/logo\/image\/\"},\"sameAs\":[\"https:\/\/www.linkedin.com\/company\/moterra-ai\",\"https:\/\/www.reddit.com\/r\/moterra\/\"]}]}<\/script>\n<!-- \/ Yoast SEO plugin. -->","yoast_head_json":{"title":"A\u010di\u016b | Moterra","robots":{"index":"index","follow":"follow","max-snippet":"max-snippet:-1","max-image-preview":"max-image-preview:large","max-video-preview":"max-video-preview:-1"},"canonical":"https:\/\/moterra.ai\/lt\/uzsisakykite-konsultacija\/aciu","schema":{"@context":"https:\/\/schema.org","@graph":[{"@type":"WebPage","@id":"https:\/\/moterra.ai\/lt\/uzsisakykite-konsultacija\/aciu","url":"https:\/\/moterra.ai\/lt\/uzsisakykite-konsultacija\/aciu","name":"A\u010di\u016b | Moterra","isPartOf":{"@id":"https:\/\/moterra.ai\/lt#website"},"datePublished":"2025-09-12T05:44:34+00:00","dateModified":"2026-02-02T14:12:27+00:00","breadcrumb":{"@id":"https:\/\/moterra.ai\/lt\/uzsisakykite-konsultacija\/aciu#breadcrumb"},"inLanguage":"lt-LT","potentialAction":[{"@type":"ReadAction","target":["https:\/\/moterra.ai\/lt\/uzsisakykite-konsultacija\/aciu"]}]},{"@type":"BreadcrumbList","@id":"https:\/\/moterra.ai\/lt\/uzsisakykite-konsultacija\/aciu#breadcrumb","itemListElement":[{"@type":"ListItem","position":1,"name":"Pagrindinis","item":"https:\/\/moterra.ai\/lt"},{"@type":"ListItem","position":2,"name":"Susisiekime","item":"https:\/\/moterra.ai\/lt\/uzsisakykite-konsultacija"},{"@type":"ListItem","position":3,"name":"A\u010di\u016b"}]},{"@type":"WebSite","@id":"https:\/\/moterra.ai\/lt#website","url":"https:\/\/moterra.ai\/lt","name":"Moterra","description":"J\u016bs\u0173 AI prana\u0161umas","publisher":{"@id":"https:\/\/moterra.ai\/lt#organization"},"potentialAction":[{"@type":"SearchAction","target":{"@type":"EntryPoint","urlTemplate":"https:\/\/moterra.ai\/lt?s={search_term_string}"},"query-input":{"@type":"PropertyValueSpecification","valueRequired":true,"valueName":"search_term_string"}}],"inLanguage":"lt-LT"},{"@type":"Organization","@id":"https:\/\/moterra.ai\/lt#organization","name":"Moterra","url":"https:\/\/moterra.ai\/lt","logo":{"@type":"ImageObject","inLanguage":"lt-LT","@id":"https:\/\/moterra.ai\/lt#\/schema\/logo\/image\/","url":"https:\/\/moterra.ai\/wp-content\/uploads\/2025\/07\/Moterra-logo-transparent-with-new-slogan_.svg","contentUrl":"https:\/\/moterra.ai\/wp-content\/uploads\/2025\/07\/Moterra-logo-transparent-with-new-slogan_.svg","width":1458,"height":396,"caption":"Moterra"},"image":{"@id":"https:\/\/moterra.ai\/lt#\/schema\/logo\/image\/"},"sameAs":["https:\/\/www.linkedin.com\/company\/moterra-ai","https:\/\/www.reddit.com\/r\/moterra\/"]}]}},"_links":{"self":[{"href":"https:\/\/moterra.ai\/lt\/wp-json\/wp\/v2\/pages\/4030","targetHints":{"allow":["GET"]}}],"collection":[{"href":"https:\/\/moterra.ai\/lt\/wp-json\/wp\/v2\/pages"}],"about":[{"href":"https:\/\/moterra.ai\/lt\/wp-json\/wp\/v2\/types\/page"}],"author":[{"embeddable":true,"href":"https:\/\/moterra.ai\/lt\/wp-json\/wp\/v2\/users\/2"}],"replies":[{"embeddable":true,"href":"https:\/\/moterra.ai\/lt\/wp-json\/wp\/v2\/comments?post=4030"}],"version-history":[{"count":3,"href":"https:\/\/moterra.ai\/lt\/wp-json\/wp\/v2\/pages\/4030\/revisions"}],"predecessor-version":[{"id":4737,"href":"https:\/\/moterra.ai\/lt\/wp-json\/wp\/v2\/pages\/4030\/revisions\/4737"}],"up":[{"embeddable":true,"href":"https:\/\/moterra.ai\/lt\/wp-json\/wp\/v2\/pages\/3880"}],"wp:attachment":[{"href":"https:\/\/moterra.ai\/lt\/wp-json\/wp\/v2\/media?parent=4030"}],"curies":[{"name":"wp","href":"https:\/\/api.w.org\/{rel}","templated":true}]}}