{"id":4047,"date":"2025-09-03T15:00:00","date_gmt":"2025-09-03T15:00:00","guid":{"rendered":"https:\/\/moterra.ai\/susisiekti-su-pardavimais"},"modified":"2026-02-11T11:35:46","modified_gmt":"2026-02-11T11:35:46","slug":"susisiekti-su-pardavimais","status":"publish","type":"page","link":"https:\/\/moterra.ai\/lt\/susisiekti-su-pardavimais","title":{"rendered":"Susisiekti su pardavimais"},"content":{"rendered":"\t\t<div data-elementor-type=\"wp-page\" data-elementor-id=\"4047\" class=\"elementor elementor-4047 elementor-780\" data-elementor-post-type=\"page\">\n\t\t\t\t<div class=\"elementor-element elementor-element-005ec3a e-flex e-con-boxed e-con e-parent\" data-id=\"005ec3a\" data-element_type=\"container\" data-e-type=\"container\">\n\t\t\t\t\t<div class=\"e-con-inner\">\n\t\t\t\t<div class=\"elementor-element elementor-element-739afaf elementor-widget elementor-widget-theme-site-logo elementor-widget-image\" data-id=\"739afaf\" data-element_type=\"widget\" data-e-type=\"widget\" data-widget_type=\"theme-site-logo.default\">\n\t\t\t\t\t\t\t\t\t\t\t<a href=\"https:\/\/moterra.ai\/lt\">\n\t\t\t<img fetchpriority=\"high\" decoding=\"async\" width=\"1458\" height=\"396\" src=\"https:\/\/moterra.ai\/wp-content\/uploads\/2025\/07\/Moterra-logo-transparent-with-new-slogan_.svg\" class=\"attachment-full size-full wp-image-3801\" alt=\"\" \/>\t\t\t\t<\/a>\n\t\t\t\t\t\t\t\t\t\t\t<\/div>\n\t\t\t\t\t<\/div>\n\t\t\t\t<\/div>\n\t\t<div class=\"elementor-element elementor-element-2ad04de e-con-full e-flex e-con e-parent\" data-id=\"2ad04de\" data-element_type=\"container\" data-e-type=\"container\">\n\t\t<div class=\"elementor-element elementor-element-eb4efa6 e-con-full e-flex e-con e-child\" data-id=\"eb4efa6\" data-element_type=\"container\" data-e-type=\"container\">\n\t\t\t\t<div class=\"elementor-element elementor-element-4e31288 elementor-widget elementor-widget-heading\" data-id=\"4e31288\" data-element_type=\"widget\" data-e-type=\"widget\" data-widget_type=\"heading.default\">\n\t\t\t\t\t<h1 class=\"elementor-heading-title elementor-size-default\">Registruotis<\/h1>\t\t\t\t<\/div>\n\t\t\t\t<div class=\"elementor-element elementor-element-82fb650 elementor-widget elementor-widget-text-editor\" data-id=\"82fb650\" data-element_type=\"widget\" data-e-type=\"widget\" data-widget_type=\"text-editor.default\">\n\t\t\t\t\t\t\t\t\t<p>J\u016bs\u0173 asmens duomenys bus tvarkomi laikantis m\u016bs\u0173 Privatumo politikos<\/p>\t\t\t\t\t\t\t\t<\/div>\n\t\t\t\t<div class=\"elementor-element elementor-element-d484205 elementor-widget__width-initial elementor-button-align-stretch elementor-widget elementor-widget-form\" data-id=\"d484205\" data-element_type=\"widget\" data-e-type=\"widget\" data-settings=\"{&quot;step_next_label&quot;:&quot;Next&quot;,&quot;step_previous_label&quot;:&quot;Previous&quot;,&quot;button_width&quot;:&quot;100&quot;,&quot;step_type&quot;:&quot;number_text&quot;,&quot;step_icon_shape&quot;:&quot;circle&quot;}\" data-widget_type=\"form.default\">\n\t\t\t\t\t\t\t<form class=\"elementor-form\" method=\"post\" name=\"Nauja forma\" aria-label=\"Nauja forma\">\n\t\t\t<input type=\"hidden\" name=\"post_id\" value=\"4047\"\/>\n\t\t\t<input type=\"hidden\" name=\"form_id\" value=\"d484205\"\/>\n\t\t\t<input type=\"hidden\" name=\"referer_title\" value=\"Susisiekti su pardavimais | Moterra\" \/>\n\n\t\t\t\t\t\t\t<input type=\"hidden\" name=\"queried_id\" value=\"4047\"\/>\n\t\t\t\n\t\t\t<div class=\"elementor-form-fields-wrapper elementor-labels-above\">\n\t\t\t\t\t\t\t\t<div class=\"elementor-field-type-email elementor-field-group elementor-column elementor-field-group-email elementor-col-100 elementor-field-required elementor-mark-required\">\n\t\t\t\t\t\t\t\t\t\t\t\t<label for=\"form-field-email\" class=\"elementor-field-label\">\n\t\t\t\t\t\t\t\t\u012emon\u0117s el. pa\u0161to adresas\t\t\t\t\t\t\t<\/label>\n\t\t\t\t\t\t\t\t\t\t\t\t\t\t<input size=\"1\" type=\"email\" name=\"form_fields[email]\" id=\"form-field-email\" class=\"elementor-field elementor-size-sm  elementor-field-textual\" placeholder=\"business@email.com\" required=\"required\">\n\t\t\t\t\t\t\t\t\t\t\t<\/div>\n\t\t\t\t\t\t\t\t<div class=\"elementor-field-type-tel elementor-field-group elementor-column elementor-field-group-message elementor-col-100 elementor-field-required elementor-mark-required\">\n\t\t\t\t\t\t\t\t\t\t\t\t<label for=\"form-field-message\" class=\"elementor-field-label\">\n\t\t\t\t\t\t\t\tTelefono numeris\t\t\t\t\t\t\t<\/label>\n\t\t\t\t\t\t\t\t<input size=\"1\" type=\"tel\" name=\"form_fields[message]\" id=\"form-field-message\" class=\"elementor-field elementor-size-sm  elementor-field-textual\" required=\"required\" pattern=\"[0-9()#&amp;+*-=.]+\" title=\"Only numbers and phone characters (#, -, *, etc) are accepted.\">\n\n\t\t\t\t\t\t<\/div>\n\t\t\t\t\t\t\t\t<div class=\"elementor-field-group elementor-column elementor-field-type-submit elementor-col-100 e-form__buttons\">\n\t\t\t\t\t<button class=\"elementor-button elementor-size-sm\" type=\"submit\">\n\t\t\t\t\t\t<span class=\"elementor-button-content-wrapper\">\n\t\t\t\t\t\t\t\t\t\t\t\t\t\t\t\t\t\t\t\t\t\t<span class=\"elementor-button-text\">Pateikti<\/span>\n\t\t\t\t\t\t\t\t\t\t\t\t\t<\/span>\n\t\t\t\t\t<\/button>\n\t\t\t\t<\/div>\n\t\t\t<\/div>\n\t\t<\/form>\n\t\t\t\t\t\t<\/div>\n\t\t\t\t<\/div>\n\t\t\t\t<\/div>\n\t\t<div class=\"elementor-element elementor-element-d772f3e e-con-full e-flex e-con e-parent\" data-id=\"d772f3e\" data-element_type=\"container\" data-e-type=\"container\">\n\t\t\t\t<div class=\"elementor-element elementor-element-96be73b elementor-widget elementor-widget-text-editor\" data-id=\"96be73b\" data-element_type=\"widget\" data-e-type=\"widget\" data-widget_type=\"text-editor.default\">\n\t\t\t\t\t\t\t\t\t<p>Jau turite paskyr\u0105? Prisijunkite prie savo paskyros per \u012fmon\u0117s portalo nuorod\u0105 <\/p><p>Kyla sunkum\u0173? Susisiekite su m\u016bs\u0173 komanda el. pa\u0161tu <span style=\"text-decoration: underline; color: #333399;\"><a style=\"color: #333399; text-decoration: underline;\" href=\"mailto:support@moterra.ai\">support@moterra.ai<\/a><\/span><\/p>\t\t\t\t\t\t\t\t<\/div>\n\t\t\t\t<\/div>\n\t\t<div class=\"elementor-element elementor-element-f43a80f e-flex e-con-boxed e-con e-parent\" data-id=\"f43a80f\" data-element_type=\"container\" data-e-type=\"container\">\n\t\t\t\t\t<div class=\"e-con-inner\">\n\t\t\t\t<div class=\"elementor-element elementor-element-0d27609 elementor-widget-divider--view-line elementor-widget elementor-widget-divider\" data-id=\"0d27609\" data-element_type=\"widget\" data-e-type=\"widget\" data-widget_type=\"divider.default\">\n\t\t\t\t\t\t\t<div class=\"elementor-divider\">\n\t\t\t<span class=\"elementor-divider-separator\">\n\t\t\t\t\t\t<\/span>\n\t\t<\/div>\n\t\t\t\t\t\t<\/div>\n\t\t\t\t\t<\/div>\n\t\t\t\t<\/div>\n\t\t<div class=\"elementor-element elementor-element-752e5bf5 e-con-full e-flex e-con e-parent\" data-id=\"752e5bf5\" data-element_type=\"container\" data-e-type=\"container\">\n\t\t\t\t<div class=\"elementor-element elementor-element-7756b4ec elementor-widget elementor-widget-heading\" data-id=\"7756b4ec\" data-element_type=\"widget\" data-e-type=\"widget\" data-widget_type=\"heading.default\">\n\t\t\t\t\t<h3 class=\"elementor-heading-title elementor-size-default\">Pripa\u017einta d\u0117l auk\u0161to lygio saugumo ir atitikties<\/h3>\t\t\t\t<\/div>\n\t\t<div class=\"elementor-element elementor-element-79c80499 e-flex e-con-boxed e-con e-child\" data-id=\"79c80499\" data-element_type=\"container\" data-e-type=\"container\">\n\t\t\t\t\t<div class=\"e-con-inner\">\n\t\t<div class=\"elementor-element elementor-element-2b8db2c1 e-con-full e-flex e-con e-child\" data-id=\"2b8db2c1\" data-element_type=\"container\" data-e-type=\"container\">\n\t\t\t\t<div class=\"elementor-element elementor-element-71136446 elementor-widget elementor-widget-image\" data-id=\"71136446\" data-element_type=\"widget\" data-e-type=\"widget\" data-widget_type=\"image.default\">\n\t\t\t\t\t\t\t\t\t\t\t\t\t\t\t<img decoding=\"async\" width=\"287\" height=\"287\" src=\"https:\/\/moterra.ai\/wp-content\/uploads\/2025\/09\/Group-17.png\" class=\"attachment-large size-large wp-image-4048\" alt=\"\" srcset=\"https:\/\/moterra.ai\/wp-content\/uploads\/2025\/09\/Group-17.png 287w, https:\/\/moterra.ai\/wp-content\/uploads\/2025\/09\/Group-17-150x150.png 150w\" sizes=\"(max-width: 287px) 100vw, 287px\" \/>\t\t\t\t\t\t\t\t\t\t\t\t\t\t\t<\/div>\n\t\t\t\t<\/div>\n\t\t<div class=\"elementor-element elementor-element-3958e8b4 e-con-full e-flex e-con e-child\" data-id=\"3958e8b4\" data-element_type=\"container\" data-e-type=\"container\">\n\t\t\t\t<div class=\"elementor-element elementor-element-3e8806a6 elementor-widget elementor-widget-image\" data-id=\"3e8806a6\" data-element_type=\"widget\" data-e-type=\"widget\" data-widget_type=\"image.default\">\n\t\t\t\t\t\t\t\t\t\t\t\t\t\t\t<img decoding=\"async\" width=\"287\" height=\"287\" src=\"https:\/\/moterra.ai\/wp-content\/uploads\/2025\/09\/Group-20.png\" class=\"attachment-large size-large wp-image-4049\" alt=\"\" srcset=\"https:\/\/moterra.ai\/wp-content\/uploads\/2025\/09\/Group-20.png 287w, https:\/\/moterra.ai\/wp-content\/uploads\/2025\/09\/Group-20-150x150.png 150w\" sizes=\"(max-width: 287px) 100vw, 287px\" \/>\t\t\t\t\t\t\t\t\t\t\t\t\t\t\t<\/div>\n\t\t\t\t<\/div>\n\t\t<div class=\"elementor-element elementor-element-51c4e662 e-con-full e-flex e-con e-child\" data-id=\"51c4e662\" data-element_type=\"container\" data-e-type=\"container\">\n\t\t\t\t<div class=\"elementor-element elementor-element-5b88d80f elementor-widget elementor-widget-image\" data-id=\"5b88d80f\" data-element_type=\"widget\" data-e-type=\"widget\" data-widget_type=\"image.default\">\n\t\t\t\t\t\t\t\t\t\t\t\t\t\t\t<img loading=\"lazy\" decoding=\"async\" width=\"287\" height=\"287\" src=\"https:\/\/moterra.ai\/wp-content\/uploads\/2025\/09\/Group-21.png\" class=\"attachment-large size-large wp-image-4050\" alt=\"\" srcset=\"https:\/\/moterra.ai\/wp-content\/uploads\/2025\/09\/Group-21.png 287w, https:\/\/moterra.ai\/wp-content\/uploads\/2025\/09\/Group-21-150x150.png 150w\" sizes=\"(max-width: 287px) 100vw, 287px\" \/>\t\t\t\t\t\t\t\t\t\t\t\t\t\t\t<\/div>\n\t\t\t\t<\/div>\n\t\t<div class=\"elementor-element elementor-element-159df98a e-con-full e-flex e-con e-child\" data-id=\"159df98a\" data-element_type=\"container\" data-e-type=\"container\">\n\t\t\t\t<div class=\"elementor-element elementor-element-629352c4 elementor-widget elementor-widget-image\" data-id=\"629352c4\" data-element_type=\"widget\" data-e-type=\"widget\" data-widget_type=\"image.default\">\n\t\t\t\t\t\t\t\t\t\t\t\t\t\t\t<img loading=\"lazy\" decoding=\"async\" width=\"298\" height=\"298\" src=\"https:\/\/moterra.ai\/wp-content\/uploads\/2025\/09\/Group-19.png\" class=\"attachment-large size-large wp-image-4051\" alt=\"\" srcset=\"https:\/\/moterra.ai\/wp-content\/uploads\/2025\/09\/Group-19.png 298w, https:\/\/moterra.ai\/wp-content\/uploads\/2025\/09\/Group-19-150x150.png 150w\" sizes=\"(max-width: 298px) 100vw, 298px\" \/>\t\t\t\t\t\t\t\t\t\t\t\t\t\t\t<\/div>\n\t\t\t\t<\/div>\n\t\t<div class=\"elementor-element elementor-element-29cefbb5 e-con-full e-flex e-con e-child\" data-id=\"29cefbb5\" data-element_type=\"container\" data-e-type=\"container\">\n\t\t\t\t<div class=\"elementor-element elementor-element-1cb03680 elementor-widget elementor-widget-image\" data-id=\"1cb03680\" data-element_type=\"widget\" data-e-type=\"widget\" data-widget_type=\"image.default\">\n\t\t\t\t\t\t\t\t\t\t\t\t\t\t\t<img loading=\"lazy\" decoding=\"async\" width=\"800\" height=\"800\" src=\"https:\/\/moterra.ai\/wp-content\/uploads\/2025\/09\/Microsoft-compatible-badge.svg\" class=\"attachment-large size-large wp-image-4052\" alt=\"\" \/>\t\t\t\t\t\t\t\t\t\t\t\t\t\t\t<\/div>\n\t\t\t\t<\/div>\n\t\t\t\t\t<\/div>\n\t\t\t\t<\/div>\n\t\t\t\t<\/div>\n\t\t\t\t<\/div>\n\t\t","protected":false},"excerpt":{"rendered":"<p>Registruotis J\u016bs\u0173 asmens duomenys bus tvarkomi laikantis m\u016bs\u0173 Privatumo politikos Jau turite paskyr\u0105? Prisijunkite prie savo paskyros per \u012fmon\u0117s portalo nuorod\u0105 Kyla sunkum\u0173? Susisiekite su m\u016bs\u0173 komanda el. pa\u0161tu support@moterra.ai Pripa\u017einta d\u0117l auk\u0161to lygio saugumo ir atitikties<\/p>\n","protected":false},"author":2,"featured_media":0,"parent":0,"menu_order":0,"comment_status":"closed","ping_status":"closed","template":"","meta":{"footnotes":""},"class_list":["post-4047","page","type-page","status-publish","hentry"],"yoast_head":"<!-- This site is optimized with the Yoast SEO plugin v26.8 - https:\/\/yoast.com\/product\/yoast-seo-wordpress\/ -->\n<title>Susisiekti su pardavimais | Moterra<\/title>\n<meta name=\"robots\" content=\"index, follow, max-snippet:-1, max-image-preview:large, max-video-preview:-1\" \/>\n<link rel=\"canonical\" href=\"https:\/\/moterra.ai\/lt\/susisiekti-su-pardavimais\" \/>\n<script type=\"application\/ld+json\" class=\"yoast-schema-graph\">{\"@context\":\"https:\/\/schema.org\",\"@graph\":[{\"@type\":\"WebPage\",\"@id\":\"https:\/\/moterra.ai\/lt\/susisiekti-su-pardavimais\",\"url\":\"https:\/\/moterra.ai\/lt\/susisiekti-su-pardavimais\",\"name\":\"Susisiekti su pardavimais | Moterra\",\"isPartOf\":{\"@id\":\"https:\/\/moterra.ai\/lt#website\"},\"primaryImageOfPage\":{\"@id\":\"https:\/\/moterra.ai\/lt\/susisiekti-su-pardavimais#primaryimage\"},\"image\":{\"@id\":\"https:\/\/moterra.ai\/lt\/susisiekti-su-pardavimais#primaryimage\"},\"thumbnailUrl\":\"https:\/\/moterra.ai\/wp-content\/uploads\/2025\/09\/Group-17.png\",\"datePublished\":\"2025-09-03T15:00:00+00:00\",\"dateModified\":\"2026-02-11T11:35:46+00:00\",\"breadcrumb\":{\"@id\":\"https:\/\/moterra.ai\/lt\/susisiekti-su-pardavimais#breadcrumb\"},\"inLanguage\":\"lt-LT\",\"potentialAction\":[{\"@type\":\"ReadAction\",\"target\":[\"https:\/\/moterra.ai\/lt\/susisiekti-su-pardavimais\"]}]},{\"@type\":\"ImageObject\",\"inLanguage\":\"lt-LT\",\"@id\":\"https:\/\/moterra.ai\/lt\/susisiekti-su-pardavimais#primaryimage\",\"url\":\"https:\/\/moterra.ai\/wp-content\/uploads\/2025\/09\/Group-17.png\",\"contentUrl\":\"https:\/\/moterra.ai\/wp-content\/uploads\/2025\/09\/Group-17.png\"},{\"@type\":\"BreadcrumbList\",\"@id\":\"https:\/\/moterra.ai\/lt\/susisiekti-su-pardavimais#breadcrumb\",\"itemListElement\":[{\"@type\":\"ListItem\",\"position\":1,\"name\":\"Pagrindinis\",\"item\":\"https:\/\/moterra.ai\/lt\"},{\"@type\":\"ListItem\",\"position\":2,\"name\":\"Susisiekti su pardavimais\"}]},{\"@type\":\"WebSite\",\"@id\":\"https:\/\/moterra.ai\/lt#website\",\"url\":\"https:\/\/moterra.ai\/lt\",\"name\":\"Moterra\",\"description\":\"J\u016bs\u0173 AI prana\u0161umas\",\"publisher\":{\"@id\":\"https:\/\/moterra.ai\/lt#organization\"},\"potentialAction\":[{\"@type\":\"SearchAction\",\"target\":{\"@type\":\"EntryPoint\",\"urlTemplate\":\"https:\/\/moterra.ai\/lt?s={search_term_string}\"},\"query-input\":{\"@type\":\"PropertyValueSpecification\",\"valueRequired\":true,\"valueName\":\"search_term_string\"}}],\"inLanguage\":\"lt-LT\"},{\"@type\":\"Organization\",\"@id\":\"https:\/\/moterra.ai\/lt#organization\",\"name\":\"Moterra\",\"url\":\"https:\/\/moterra.ai\/lt\",\"logo\":{\"@type\":\"ImageObject\",\"inLanguage\":\"lt-LT\",\"@id\":\"https:\/\/moterra.ai\/lt#\/schema\/logo\/image\/\",\"url\":\"https:\/\/moterra.ai\/wp-content\/uploads\/2025\/07\/Moterra-logo-transparent-with-new-slogan_.svg\",\"contentUrl\":\"https:\/\/moterra.ai\/wp-content\/uploads\/2025\/07\/Moterra-logo-transparent-with-new-slogan_.svg\",\"width\":1458,\"height\":396,\"caption\":\"Moterra\"},\"image\":{\"@id\":\"https:\/\/moterra.ai\/lt#\/schema\/logo\/image\/\"},\"sameAs\":[\"https:\/\/www.linkedin.com\/company\/moterra-ai\",\"https:\/\/www.reddit.com\/r\/moterra\/\"]}]}<\/script>\n<!-- \/ Yoast SEO plugin. -->","yoast_head_json":{"title":"Susisiekti su pardavimais | Moterra","robots":{"index":"index","follow":"follow","max-snippet":"max-snippet:-1","max-image-preview":"max-image-preview:large","max-video-preview":"max-video-preview:-1"},"canonical":"https:\/\/moterra.ai\/lt\/susisiekti-su-pardavimais","schema":{"@context":"https:\/\/schema.org","@graph":[{"@type":"WebPage","@id":"https:\/\/moterra.ai\/lt\/susisiekti-su-pardavimais","url":"https:\/\/moterra.ai\/lt\/susisiekti-su-pardavimais","name":"Susisiekti su pardavimais | Moterra","isPartOf":{"@id":"https:\/\/moterra.ai\/lt#website"},"primaryImageOfPage":{"@id":"https:\/\/moterra.ai\/lt\/susisiekti-su-pardavimais#primaryimage"},"image":{"@id":"https:\/\/moterra.ai\/lt\/susisiekti-su-pardavimais#primaryimage"},"thumbnailUrl":"https:\/\/moterra.ai\/wp-content\/uploads\/2025\/09\/Group-17.png","datePublished":"2025-09-03T15:00:00+00:00","dateModified":"2026-02-11T11:35:46+00:00","breadcrumb":{"@id":"https:\/\/moterra.ai\/lt\/susisiekti-su-pardavimais#breadcrumb"},"inLanguage":"lt-LT","potentialAction":[{"@type":"ReadAction","target":["https:\/\/moterra.ai\/lt\/susisiekti-su-pardavimais"]}]},{"@type":"ImageObject","inLanguage":"lt-LT","@id":"https:\/\/moterra.ai\/lt\/susisiekti-su-pardavimais#primaryimage","url":"https:\/\/moterra.ai\/wp-content\/uploads\/2025\/09\/Group-17.png","contentUrl":"https:\/\/moterra.ai\/wp-content\/uploads\/2025\/09\/Group-17.png"},{"@type":"BreadcrumbList","@id":"https:\/\/moterra.ai\/lt\/susisiekti-su-pardavimais#breadcrumb","itemListElement":[{"@type":"ListItem","position":1,"name":"Pagrindinis","item":"https:\/\/moterra.ai\/lt"},{"@type":"ListItem","position":2,"name":"Susisiekti su pardavimais"}]},{"@type":"WebSite","@id":"https:\/\/moterra.ai\/lt#website","url":"https:\/\/moterra.ai\/lt","name":"Moterra","description":"J\u016bs\u0173 AI prana\u0161umas","publisher":{"@id":"https:\/\/moterra.ai\/lt#organization"},"potentialAction":[{"@type":"SearchAction","target":{"@type":"EntryPoint","urlTemplate":"https:\/\/moterra.ai\/lt?s={search_term_string}"},"query-input":{"@type":"PropertyValueSpecification","valueRequired":true,"valueName":"search_term_string"}}],"inLanguage":"lt-LT"},{"@type":"Organization","@id":"https:\/\/moterra.ai\/lt#organization","name":"Moterra","url":"https:\/\/moterra.ai\/lt","logo":{"@type":"ImageObject","inLanguage":"lt-LT","@id":"https:\/\/moterra.ai\/lt#\/schema\/logo\/image\/","url":"https:\/\/moterra.ai\/wp-content\/uploads\/2025\/07\/Moterra-logo-transparent-with-new-slogan_.svg","contentUrl":"https:\/\/moterra.ai\/wp-content\/uploads\/2025\/07\/Moterra-logo-transparent-with-new-slogan_.svg","width":1458,"height":396,"caption":"Moterra"},"image":{"@id":"https:\/\/moterra.ai\/lt#\/schema\/logo\/image\/"},"sameAs":["https:\/\/www.linkedin.com\/company\/moterra-ai","https:\/\/www.reddit.com\/r\/moterra\/"]}]}},"_links":{"self":[{"href":"https:\/\/moterra.ai\/lt\/wp-json\/wp\/v2\/pages\/4047","targetHints":{"allow":["GET"]}}],"collection":[{"href":"https:\/\/moterra.ai\/lt\/wp-json\/wp\/v2\/pages"}],"about":[{"href":"https:\/\/moterra.ai\/lt\/wp-json\/wp\/v2\/types\/page"}],"author":[{"embeddable":true,"href":"https:\/\/moterra.ai\/lt\/wp-json\/wp\/v2\/users\/2"}],"replies":[{"embeddable":true,"href":"https:\/\/moterra.ai\/lt\/wp-json\/wp\/v2\/comments?post=4047"}],"version-history":[{"count":13,"href":"https:\/\/moterra.ai\/lt\/wp-json\/wp\/v2\/pages\/4047\/revisions"}],"predecessor-version":[{"id":4775,"href":"https:\/\/moterra.ai\/lt\/wp-json\/wp\/v2\/pages\/4047\/revisions\/4775"}],"wp:attachment":[{"href":"https:\/\/moterra.ai\/lt\/wp-json\/wp\/v2\/media?parent=4047"}],"curies":[{"name":"wp","href":"https:\/\/api.w.org\/{rel}","templated":true}]}}